{"id":31915,"date":"2018-10-25T14:10:39","date_gmt":"2018-10-25T13:10:39","guid":{"rendered":"https:\/\/4aviation.kwaaidevelop.nl\/?page_id=31915"},"modified":"2018-10-25T14:15:51","modified_gmt":"2018-10-25T13:15:51","slug":"eu-2015-2302","status":"publish","type":"page","link":"https:\/\/www.4aviation.nl\/nl\/eu-2015-2302\/","title":{"rendered":"(EU) 2015\/2302"},"content":{"rendered":"\n<style type=\"text\/css\" data-created_by=\"avia_inline_auto\" id=\"style-css-av-1ccnktj-2284fea19bec25368b6a9db844c38d82\">\n.flex_column.av-1ccnktj-2284fea19bec25368b6a9db844c38d82{\nborder-radius:0px 0px 0px 0px;\npadding:0px 0px 0px 0px;\n}\n<\/style>\n<div  class='flex_column av-1ccnktj-2284fea19bec25368b6a9db844c38d82 av_one_full  avia-builder-el-0  el_before_av_textblock  avia-builder-el-first  first flex_column_div av-zero-column-padding  '     ><section  class='av_textblock_section av-jnolootz-290758a14f79f1548b67c014c277e7be '   itemscope=\"itemscope\" itemtype=\"https:\/\/schema.org\/CreativeWork\" ><div class='avia_textblock'  itemprop=\"text\" ><h2>Basisrechten krachtens Richtlijn (EU) 2015\/2302<\/h2>\n<\/div><\/section><\/div><section  class='av_textblock_section av-jnom1z8n-f45c95ff7ff9d27a3ffaea29de719ecf '   itemscope=\"itemscope\" itemtype=\"https:\/\/schema.org\/CreativeWork\" ><div class='avia_textblock'  itemprop=\"text\" ><table width=\"705\">\n<tbody>\n<tr>\n<td width=\"705\">Voordat hij de pakketreisovereenkomst sluit, zal de reiziger alle essenti\u00eble informatie over de pakketreis ontvangen.<\/td>\n<\/tr>\n<tr>\n<td width=\"705\">De aansprakelijkheid voor de goede uitvoering van alle reisdiensten die in de overeenkomst zijn opgenomen, berust altijd bij ten minste \u00e9\u00e9n handelaar.<\/td>\n<\/tr>\n<tr>\n<td width=\"705\">De reiziger krijgt een noodtelefoonnummer of gegevens inzake een contactpunt via welk hij contact kan opnemen met de organisator of de reisagent.<\/td>\n<\/tr>\n<tr>\n<td width=\"705\">De reiziger kan de pakketreis, met inachtneming van een redelijke termijn en eventueel tegen de betaling van extra kosten, aan een andere persoon overdragen.<\/td>\n<\/tr>\n<tr>\n<td width=\"705\">De prijs van de pakketreis kan alleen worden verhoogd indien specifieke kosten toenemen (bijvoorbeeld brandstofprijzen), indien zulks uitdrukkelijk in de overeenkomst is opgenomen, en in elk geval niet later dan 20 dagen v\u00f3\u00f3r het begin van de pakketreis. Indien de prijsverhoging hoger is dan 8 % van de prijs van de pakketreis kan de reiziger de overeenkomst be\u00ebindigen. Indien de organisator zich het recht op een prijsverhoging voorbehoudt, heeft de reiziger recht op een prijsverlaging wanneer de relevante kosten zouden afnemen.<\/td>\n<\/tr>\n<tr>\n<td width=\"705\">Ingeval een van de essenti\u00eble elementen van de pakketreis, met uitzondering van de prijs, aanzienlijk wordt gewijzigd, kan de reiziger de overeenkomst zonder betaling van een be\u00ebindigingsvergoeding be\u00ebindigen en krijgt hij een volledige terugbetaling. Indien de handelaar die voor de pakketreis verantwoordelijk is, de pakketreis v\u00f3\u00f3r het begin van de pakketreis annuleert, heeft de reiziger recht op terugbetaling en, indien passend, op een schadevergoeding.<\/td>\n<\/tr>\n<tr>\n<td width=\"705\">De reiziger kan de overeenkomst in uitzonderlijke omstandigheden zonder betaling van een be\u00ebindigingsvergoeding v\u00f3\u00f3r het begin van de pakketreis be\u00ebindigen, bijvoorbeeld wanneer er op de plaats van bestemming ernstige veiligheidsproblemen zijn die waarschijnlijk gevolgen zullen hebben voor de pakketreis.<\/td>\n<\/tr>\n<tr>\n<td width=\"705\">Daarnaast kan de reiziger de overeenkomst te allen tijde v\u00f3\u00f3r het begin van de pakketreis be\u00ebindigen tegen betaling van een passende en gerechtvaardigde be\u00ebindigingsvergoeding.<\/td>\n<\/tr>\n<tr>\n<td width=\"705\">Indien na het begin van de pakketreis aanzienlijke elementen van de pakketreis niet zoals afgesproken kunnen worden geleverd, moet een geschikt alternatief arrangement aan de reiziger worden aangeboden, zonder extra kosten. Indien de diensten niet worden uitgevoerd volgens de overeenkomst en dit aanzienlijke gevolgen heeft voor de uitvoering van de pakketreis en de organisator dit probleem niet heeft verholpen, kan de reiziger de pakketreisovereenkomst zonder betaling van een be\u00ebindigingsvergoeding be\u00ebindigen.<\/td>\n<\/tr>\n<tr>\n<td width=\"705\">In geval van reisdiensten die niet uitgevoerd zijn of niet goed uitgevoerd zijn heeft de reiziger ook recht op een prijsverlaging en\/of schadevergoeding.<\/td>\n<\/tr>\n<tr>\n<td width=\"705\">De organisator is verplicht reizigers die in moeilijkheden verkeren, bijstand te verlenen.<\/td>\n<\/tr>\n<tr>\n<td width=\"705\">Indien de insolventie van de organisator of, indien van toepassing, de doorverkoper na het begin van de pakketreis intreedt en het vervoer in de pakketreis inbegrepen is, wordt er voor repatri\u00ebring van de reiziger gezorgd. 4Aviation heeft zich van bescherming bij insolventie voorzien bij GGTO. Wanneer diensten door de insolventie van 4Aviation niet worden verleend, kunnen reizigers met deze entiteit of, in voorkomend geval, de bevoegde autoriteit contact opnemen (Garantiefonds GGTO, Johan van Hasseltweg 112, 1022 WZ\u00a0 Amsterdam, T: +31-20-7371057, E: info@stichting-ggto.nl).<\/td>\n<\/tr>\n<tr>\n<td width=\"705\"><a href=\"https:\/\/wetten.overheid.nl\/jci1.3:c:BWBR0005290&amp;boek=7&amp;titeldeel=7A&amp;z=2018-09-19&amp;g=2018-09-19\" target=\"_blank\" rel=\"noopener\">Titel 7A Burgerlijk Wetboek Boek 7<\/a><\/td>\n<\/tr>\n<\/tbody>\n<\/table>\n<\/div><\/section><\/p>\n","protected":false},"excerpt":{"rendered":"","protected":false},"author":4,"featured_media":0,"parent":0,"menu_order":0,"comment_status":"closed","ping_status":"closed","template":"","meta":{"footnotes":""},"class_list":["post-31915","page","type-page","status-publish","hentry"],"yoast_head":"<!-- This site is optimized with the Yoast SEO plugin v27.5 - https:\/\/yoast.com\/product\/yoast-seo-wordpress\/ -->\n<title>(EU) 2015\/2302 - 4Aviation<\/title>\n<meta name=\"robots\" content=\"index, follow, max-snippet:-1, max-image-preview:large, max-video-preview:-1\" \/>\n<link rel=\"canonical\" href=\"https:\/\/www.4aviation.nl\/nl\/eu-2015-2302\/\" \/>\n<meta property=\"og:locale\" content=\"nl_NL\" \/>\n<meta property=\"og:type\" content=\"article\" \/>\n<meta property=\"og:title\" content=\"(EU) 2015\/2302 - 4Aviation\" \/>\n<meta property=\"og:url\" content=\"https:\/\/www.4aviation.nl\/nl\/eu-2015-2302\/\" \/>\n<meta property=\"og:site_name\" content=\"4Aviation\" \/>\n<meta property=\"article:publisher\" content=\"https:\/\/www.facebook.com\/4aviation\/?fref=ts\" \/>\n<meta property=\"article:modified_time\" content=\"2018-10-25T13:15:51+00:00\" \/>\n<meta name=\"twitter:card\" content=\"summary_large_image\" \/>\n<meta name=\"twitter:site\" content=\"@4Aviation\" \/>\n<meta name=\"twitter:label1\" content=\"Geschatte leestijd\" \/>\n\t<meta name=\"twitter:data1\" content=\"3 minuten\" \/>\n<script type=\"application\/ld+json\" class=\"yoast-schema-graph\">{\"@context\":\"https:\\\/\\\/schema.org\",\"@graph\":[{\"@type\":\"WebPage\",\"@id\":\"https:\\\/\\\/www.4aviation.nl\\\/nl\\\/eu-2015-2302\\\/\",\"url\":\"https:\\\/\\\/www.4aviation.nl\\\/nl\\\/eu-2015-2302\\\/\",\"name\":\"(EU) 2015\\\/2302 - 4Aviation\",\"isPartOf\":{\"@id\":\"https:\\\/\\\/www.4aviation.nl\\\/#website\"},\"datePublished\":\"2018-10-25T13:10:39+00:00\",\"dateModified\":\"2018-10-25T13:15:51+00:00\",\"breadcrumb\":{\"@id\":\"https:\\\/\\\/www.4aviation.nl\\\/nl\\\/eu-2015-2302\\\/#breadcrumb\"},\"inLanguage\":\"nl-NL\",\"potentialAction\":[{\"@type\":\"ReadAction\",\"target\":[\"https:\\\/\\\/www.4aviation.nl\\\/nl\\\/eu-2015-2302\\\/\"]}]},{\"@type\":\"BreadcrumbList\",\"@id\":\"https:\\\/\\\/www.4aviation.nl\\\/nl\\\/eu-2015-2302\\\/#breadcrumb\",\"itemListElement\":[{\"@type\":\"ListItem\",\"position\":1,\"name\":\"Home\",\"item\":\"https:\\\/\\\/www.4aviation.nl\\\/nl\\\/\"},{\"@type\":\"ListItem\",\"position\":2,\"name\":\"(EU) 2015\\\/2302\"}]},{\"@type\":\"WebSite\",\"@id\":\"https:\\\/\\\/www.4aviation.nl\\\/#website\",\"url\":\"https:\\\/\\\/www.4aviation.nl\\\/\",\"name\":\"4Aviation\",\"description\":\"Continental Europe&#039;s Largest Aviation Tour Operator\",\"publisher\":{\"@id\":\"https:\\\/\\\/www.4aviation.nl\\\/#organization\"},\"potentialAction\":[{\"@type\":\"SearchAction\",\"target\":{\"@type\":\"EntryPoint\",\"urlTemplate\":\"https:\\\/\\\/www.4aviation.nl\\\/?s={search_term_string}\"},\"query-input\":{\"@type\":\"PropertyValueSpecification\",\"valueRequired\":true,\"valueName\":\"search_term_string\"}}],\"inLanguage\":\"nl-NL\"},{\"@type\":\"Organization\",\"@id\":\"https:\\\/\\\/www.4aviation.nl\\\/#organization\",\"name\":\"4Aviation\",\"url\":\"https:\\\/\\\/www.4aviation.nl\\\/\",\"logo\":{\"@type\":\"ImageObject\",\"inLanguage\":\"nl-NL\",\"@id\":\"https:\\\/\\\/www.4aviation.nl\\\/#\\\/schema\\\/logo\\\/image\\\/\",\"url\":\"https:\\\/\\\/www.4aviation.nl\\\/wp-content\\\/uploads\\\/2017\\\/05\\\/4A-logo.jpg\",\"contentUrl\":\"https:\\\/\\\/www.4aviation.nl\\\/wp-content\\\/uploads\\\/2017\\\/05\\\/4A-logo.jpg\",\"width\":689,\"height\":278,\"caption\":\"4Aviation\"},\"image\":{\"@id\":\"https:\\\/\\\/www.4aviation.nl\\\/#\\\/schema\\\/logo\\\/image\\\/\"},\"sameAs\":[\"https:\\\/\\\/www.facebook.com\\\/4aviation\\\/?fref=ts\",\"https:\\\/\\\/x.com\\\/4Aviation\",\"https:\\\/\\\/www.instagram.com\\\/4aviation\\\/\",\"https:\\\/\\\/www.linkedin.com\\\/company-beta\\\/545905\\\/\",\"https:\\\/\\\/www.youtube.com\\\/channel\\\/UCtXIJu9ZmC0SNo6R7PhqxKw\"]}]}<\/script>\n<!-- \/ Yoast SEO plugin. -->","yoast_head_json":{"title":"(EU) 2015\/2302 - 4Aviation","robots":{"index":"index","follow":"follow","max-snippet":"max-snippet:-1","max-image-preview":"max-image-preview:large","max-video-preview":"max-video-preview:-1"},"canonical":"https:\/\/www.4aviation.nl\/nl\/eu-2015-2302\/","og_locale":"nl_NL","og_type":"article","og_title":"(EU) 2015\/2302 - 4Aviation","og_url":"https:\/\/www.4aviation.nl\/nl\/eu-2015-2302\/","og_site_name":"4Aviation","article_publisher":"https:\/\/www.facebook.com\/4aviation\/?fref=ts","article_modified_time":"2018-10-25T13:15:51+00:00","twitter_card":"summary_large_image","twitter_site":"@4Aviation","twitter_misc":{"Geschatte leestijd":"3 minuten"},"schema":{"@context":"https:\/\/schema.org","@graph":[{"@type":"WebPage","@id":"https:\/\/www.4aviation.nl\/nl\/eu-2015-2302\/","url":"https:\/\/www.4aviation.nl\/nl\/eu-2015-2302\/","name":"(EU) 2015\/2302 - 4Aviation","isPartOf":{"@id":"https:\/\/www.4aviation.nl\/#website"},"datePublished":"2018-10-25T13:10:39+00:00","dateModified":"2018-10-25T13:15:51+00:00","breadcrumb":{"@id":"https:\/\/www.4aviation.nl\/nl\/eu-2015-2302\/#breadcrumb"},"inLanguage":"nl-NL","potentialAction":[{"@type":"ReadAction","target":["https:\/\/www.4aviation.nl\/nl\/eu-2015-2302\/"]}]},{"@type":"BreadcrumbList","@id":"https:\/\/www.4aviation.nl\/nl\/eu-2015-2302\/#breadcrumb","itemListElement":[{"@type":"ListItem","position":1,"name":"Home","item":"https:\/\/www.4aviation.nl\/nl\/"},{"@type":"ListItem","position":2,"name":"(EU) 2015\/2302"}]},{"@type":"WebSite","@id":"https:\/\/www.4aviation.nl\/#website","url":"https:\/\/www.4aviation.nl\/","name":"4Aviation","description":"Continental Europe&#039;s Largest Aviation Tour Operator","publisher":{"@id":"https:\/\/www.4aviation.nl\/#organization"},"potentialAction":[{"@type":"SearchAction","target":{"@type":"EntryPoint","urlTemplate":"https:\/\/www.4aviation.nl\/?s={search_term_string}"},"query-input":{"@type":"PropertyValueSpecification","valueRequired":true,"valueName":"search_term_string"}}],"inLanguage":"nl-NL"},{"@type":"Organization","@id":"https:\/\/www.4aviation.nl\/#organization","name":"4Aviation","url":"https:\/\/www.4aviation.nl\/","logo":{"@type":"ImageObject","inLanguage":"nl-NL","@id":"https:\/\/www.4aviation.nl\/#\/schema\/logo\/image\/","url":"https:\/\/www.4aviation.nl\/wp-content\/uploads\/2017\/05\/4A-logo.jpg","contentUrl":"https:\/\/www.4aviation.nl\/wp-content\/uploads\/2017\/05\/4A-logo.jpg","width":689,"height":278,"caption":"4Aviation"},"image":{"@id":"https:\/\/www.4aviation.nl\/#\/schema\/logo\/image\/"},"sameAs":["https:\/\/www.facebook.com\/4aviation\/?fref=ts","https:\/\/x.com\/4Aviation","https:\/\/www.instagram.com\/4aviation\/","https:\/\/www.linkedin.com\/company-beta\/545905\/","https:\/\/www.youtube.com\/channel\/UCtXIJu9ZmC0SNo6R7PhqxKw"]}]}},"_links":{"self":[{"href":"https:\/\/www.4aviation.nl\/nl\/wp-json\/wp\/v2\/pages\/31915","targetHints":{"allow":["GET"]}}],"collection":[{"href":"https:\/\/www.4aviation.nl\/nl\/wp-json\/wp\/v2\/pages"}],"about":[{"href":"https:\/\/www.4aviation.nl\/nl\/wp-json\/wp\/v2\/types\/page"}],"author":[{"embeddable":true,"href":"https:\/\/www.4aviation.nl\/nl\/wp-json\/wp\/v2\/users\/4"}],"replies":[{"embeddable":true,"href":"https:\/\/www.4aviation.nl\/nl\/wp-json\/wp\/v2\/comments?post=31915"}],"version-history":[{"count":0,"href":"https:\/\/www.4aviation.nl\/nl\/wp-json\/wp\/v2\/pages\/31915\/revisions"}],"wp:attachment":[{"href":"https:\/\/www.4aviation.nl\/nl\/wp-json\/wp\/v2\/media?parent=31915"}],"curies":[{"name":"wp","href":"https:\/\/api.w.org\/{rel}","templated":true}]}}